{"id":1536,"date":"2022-12-27T18:18:36","date_gmt":"2022-12-27T18:18:36","guid":{"rendered":"https:\/\/fionaslavender.com\/?page_id=1536"},"modified":"2023-01-25T14:55:41","modified_gmt":"2023-01-25T14:55:41","slug":"lavantali-dogal-sabun","status":"publish","type":"page","link":"https:\/\/fionaslavender.com\/en\/lavantali-dogal-sabun\/","title":{"rendered":"Lavantal\u0131 Do\u011fal Sabunlar"},"content":{"rendered":"<p>Fiona\u2019s Lavender, Kapadokya B\u00f6lgesi\u2019nde, Ortahisar ve Sofular\u2019daki tarlalar\u0131nda Lavandula angustifolia (\u0130ngiliz Lavantas\u0131\/Ger\u00e7ek Lavanta\/T\u0131bbi Lavanta) cinsi lavanta bitkisini, hi\u00e7bir kimyasal madde kullanmadan yeti\u015ftirmekte, buhar distilasyonu ile elde etti\u011fi lavanta u\u00e7ucu ya\u011f\u0131n\u0131 i\u00e7eri\u011finde ba\u015fka hi\u00e7bir maddeye yer vermeden en saf ve do\u011fal hali ile sunmakta ve \u00fcr\u00fcn gam\u0131n\u0131 lavantal\u0131 \u00fcr\u00fcnlerle geni\u015fletmektedir.<\/p>\n\n\n\n<p><a><strong>Lavanta , Shea ve Hindistan Cevizi Sabunu <\/strong><\/a><\/p>\n\n\n\n<p><strong>Lavanta, Shea ve Hindistan Cevizi Sabunu<\/strong>,&nbsp; bebekler ve hassas ciltler dahil&nbsp; her ya\u015f grubunun y\u00fcz, v\u00fccut el ve sa\u00e7 temizli\u011finde kullanabilece\u011fi zengin ve do\u011fal i\u00e7eriklerle olu\u015fturulmu\u015f, nemlendirici etkisi y\u00fcksek bir sabundur.<\/p>\n\n\n\n<p>Lavanta, Shea ve Hindistan Cevizi Sabunu i\u00e7eri\u011findeki;<\/p>\n\n\n\n<ul class=\"wp-block-list\">\n<li>Lavandula angustifolia (\u0130ngiliz Lavantas\u0131\/Ger\u00e7ek Lavanta\/T\u0131bbi Lavanta) cinsi lavanta u\u00e7ucu ya\u011f\u0131, bakteri, enfeksiyon ve mantarlarla sava\u015f\u0131r, hem cildi, hem ruhu sakinle\u015ftirir, leke gidericidir.<\/li>\n\n\n\n<li>Shea ya\u011f\u0131 kolojen uyar\u0131c\u0131d\u0131r, cilt ve sa\u00e7ta g\u00fc\u00e7l\u00fc bir nemlendiricidir, cildi onar\u0131r, leke ve k\u0131r\u0131\u015f\u0131kl\u0131klara kar\u015f\u0131 etkilidir.<\/li>\n\n\n\n<li>Hindistan Cevizi Ya\u011f\u0131 g\u00fc\u00e7l\u00fc bir nemlendirici ve onar\u0131c\u0131d\u0131r, cildimizin do\u011fal ya\u011f\u0131 olan sebumu dengeler, sa\u00e7 \u00fcr\u00fcnlerinde yo\u011funlukla kullan\u0131l\u0131r.<\/li>\n<\/ul>\n\n\n\n<p>&nbsp;Lavanta, Shea ve Hindistan Cevizi Sabununun tam i\u00e7eri\u011fi a\u015fa\u011f\u0131daki gibidir:<\/p>\n\n\n\n<ul class=\"wp-block-list\">\n<li><a href=\"https:\/\/fionaslavender.com\/en\/urunlerimiz\/fionas-lavender-ucucu-yagi\/\" target=\"_blank\" rel=\"noreferrer noopener\">Lavandula angustifola U\u00e7ucu Ya\u011f\u0131 (Lavandula angustifolia essential oil )<\/a><\/li>\n\n\n\n<li>Hindistan Cevizi Ya\u011f\u0131 (Cocos Nucifera Oil)<\/li>\n\n\n\n<li>Shea Ya\u011f\u0131 (Butyrospermum Parkii Butter&nbsp;)<\/li>\n\n\n\n<li>Pirin\u00e7 Kepe\u011fi Ya\u011f\u0131 (Ricinus Communis Seed Oil&nbsp;)<\/li>\n\n\n\n<li>Zeytinya\u011f\u0131 ( Olea Europaea Fruit Oil)&nbsp;<\/li>\n\n\n\n<li>Sabunla\u015fm\u0131\u015f Sodyum Hidroksit (Sodium Hydroxide)&nbsp;<\/li>\n\n\n\n<li>Saf su (Aqua)<\/li>\n<\/ul>\n\n\n\n<div class=\"wp-block-buttons is-layout-flex wp-block-buttons-is-layout-flex\">\n<div class=\"wp-block-button is-style-primary\"><a class=\"wp-block-button__link wp-element-button\" href=\"https:\/\/www.shopier.com\/ShowProductNew\/products.php?id=15480800\" target=\"_blank\" rel=\"noreferrer noopener\">Sipari\u015f ver<\/a><\/div>\n<\/div>\n\n\n\n<p><\/p>\n\n\n\n<p><\/p>\n\n\n\n<p><a><strong>Lavanta , Hindistan Cevizi ve Kantaron Sabunu <\/strong><\/a><\/p>\n\n\n\n<p><strong>Lavanta , Hindistan Cevizi ve Kantaron Sabunu<\/strong>,&nbsp; her ya\u015f grubunun y\u00fcz, v\u00fccut el ve sa\u00e7 temizli\u011finde kullanabilece\u011fi zengin ve do\u011fal i\u00e7eriklerle olu\u015fturulmu\u015f bir sabundur.<\/p>\n\n\n\n<p>Lavanta , Hindistan Cevizi ve Kantaron Sabununu i\u00e7eri\u011findeki;<\/p>\n\n\n\n<ul class=\"wp-block-list\">\n<li>Lavandula angustifolia (\u0130ngiliz Lavantas\u0131\/Ger\u00e7ek Lavanta\/T\u0131bbi Lavanta) cinsi lavanta u\u00e7ucu ya\u011f\u0131, bakteri, enfeksiyon ve mantarlarla sava\u015f\u0131r, hem cildi, hem ruhu sakinle\u015ftirir, leke gidericidir.<\/li>\n\n\n\n<li>Lavandula angustifolia (\u0130ngiliz Lavantas\u0131\/Ger\u00e7ek Lavanta\/T\u0131bbi Lavanta) cinsi lavanta u\u00e7ucu ya\u011f\u0131, bakteri, enfeksiyon ve mantarlarla sava\u015f\u0131r, hem cildi, hem ruhu sakinle\u015ftirir, leke gidericidir.<\/li>\n\n\n\n<li>Hindistan Cevizi Ya\u011f\u0131 g\u00fc\u00e7l\u00fc bir nemlendirici ve onar\u0131c\u0131d\u0131r, cildimizin do\u011fal ya\u011f\u0131 olan sebumu dengeler, sa\u00e7 \u00fcr\u00fcnlerinde yo\u011funlukla kullan\u0131l\u0131r.<\/li>\n\n\n\n<li>Sar\u0131 Kantaron Ya\u011f\u0131 antimikrobiyal ve antienflamatuar bile\u015fiklere sahiptir,&nbsp; s\u0131k\u0131la\u015ft\u0131r\u0131c\u0131 va yara ve leke izlerine kar\u015f\u0131 etkilidir.<\/li>\n\n\n\n<li>Hint ya\u011f\u0131 protein, E vitamini, mineral, trigliserid ya\u011f asitleri, omega 6 i\u00e7eren yo\u011fun bile\u015fimi sayesinde sa\u00e7\u0131 besleyerek h\u0131zl\u0131 uzamas\u0131na yard\u0131m eder.<\/li>\n<\/ul>\n\n\n\n<p>&nbsp;Lavanta , Hindistan Cevizi ve Kantaron Sabununun tam i\u00e7eri\u011fi a\u015fa\u011f\u0131daki gibidir:<\/p>\n\n\n\n<ul class=\"wp-block-list\">\n<li><a href=\"https:\/\/fionaslavender.com\/en\/urunlerimiz\/fionas-lavender-ucucu-yagi\/\" target=\"_blank\" rel=\"noreferrer noopener\">Lavandula angustifola U\u00e7ucu Ya\u011f\u0131&nbsp; ( Lavandula angustifolia essential oil )<\/a><\/li>\n\n\n\n<li>Hindistan Cevizi Ya\u011f\u0131 ( Cocos Nucifera Oil )<\/li>\n\n\n\n<li>Kantaron Ya\u011f\u0131 ( Hypericum Perforatum Oil )<\/li>\n\n\n\n<li>Hint Ya\u011f\u0131 ( Ricinus communis&nbsp; seed oil )<\/li>\n\n\n\n<li>Zeytinya\u011f\u0131 ( Olea Europaea Fruit Oil )<\/li>\n\n\n\n<li>Sabunla\u015fm\u0131\u015f Sodyum Hidroksit ( Sodium Hydroxide )<\/li>\n\n\n\n<li>Saf su ( Aqua )<\/li>\n<\/ul>\n\n\n\n<div class=\"wp-block-buttons is-layout-flex wp-block-buttons-is-layout-flex\">\n<div class=\"wp-block-button is-style-primary\"><a class=\"wp-block-button__link wp-element-button\" href=\"https:\/\/www.shopier.com\/ShowProductNew\/products.php?id=15480878\" target=\"_blank\" rel=\"noreferrer noopener\">Sipari\u015f ver<\/a><\/div>\n<\/div>\n\n\n\n<p><\/p>\n\n\n\n<p><\/p>\n\n\n\n<p>Lavantal\u0131 Do\u011fal Sabunlar\u0131m\u0131z\u0131n kullan\u0131m\u0131 a\u015fa\u011f\u0131daki gibidir:<a href=\"https:\/\/www.fionaslavender.sopsyplus.com\/index.php?route=product\/product&amp;product_id=20\">https:\/\/www.fionaslavender.sopsyplus.com\/index.php?route=product\/product&amp;product_id=20<\/a><\/p>\n\n\n\n<ul class=\"wp-block-list\">\n<li>Lavantal\u0131 Do\u011fal Sabunlar suyla k\u00f6p\u00fcrt\u00fcn, temizlemek istedi\u011finiz b\u00f6lgeye k\u00f6p\u00fcklerini nazik\u00e7e uygulay\u0131n ve su ile iyice durulay\u0131n.<\/li>\n\n\n\n<li>Lavantal\u0131 Do\u011fal Sabunlar\u0131 sa\u00e7 temizli\u011finde kullanacaksan\u0131z ve ilk defa \u015fampuandan sabuna ge\u00e7iyorsan\u0131z, bir de sa\u00e7lar\u0131n\u0131z boya gibi i\u015flemlerden dolay\u0131 y\u0131pranm\u0131\u015f durumda ise, ilk birka\u00e7 y\u0131kamada sa\u00e7larda kal\u0131pla\u015fmaya benzer bir durum ya\u015fayabilirsiniz. Sabredebilirseniz zaman i\u00e7inde sa\u00e7lar\u0131n\u0131z\u0131 da do\u011fal bir \u00fcr\u00fcnle temizliyor ve sabunun zengin i\u00e7eri\u011fi ile gen\u00e7le\u015ftiriyor olacaks\u0131n\u0131z. &nbsp;Baz\u0131 sa\u00e7 tiplerinde ise kepeklenme yapabilir. Bu durumda&nbsp;Lavantal\u0131 Do\u011fal Sabunu&nbsp;sadece el, y\u00fcz ve v\u00fccut temizli\u011finde kullan\u0131n\u0131z.<\/li>\n\n\n\n<li>Sa\u00e7lar\u0131n\u0131z\u0131n do\u011fal ya\u011f\u0131n\u0131n dengesini korumak i\u00e7in gu\u0308n as\u0327\u0131r\u0131 y\u0131kamak daha uygun olacakt\u0131r.<\/li>\n\n\n\n<li>Sabunlar\u0131n\u0131z\u0131 kullan\u0131m sonras\u0131 delikli sabunluklarda, sudan uzak tutarsan\u0131z, daha uzun kullanabilirsiniz.<\/li>\n<\/ul>","protected":false},"excerpt":{"rendered":"<p>Fiona\u2019s Lavender, Kapadokya B\u00f6lgesi\u2019nde, Ortahisar ve Sofular\u2019daki tarlalar\u0131nda Lavandula angustifolia (\u0130ngiliz Lavantas\u0131\/Ger\u00e7ek Lavanta\/T\u0131bbi Lavanta) cinsi lavanta bitkisini, hi\u00e7bir kimyasal madde kullanmadan yeti\u015ftirmekte, buhar distilasyonu ile elde etti\u011fi lavanta u\u00e7ucu ya\u011f\u0131n\u0131 i\u00e7eri\u011finde ba\u015fka hi\u00e7bir maddeye yer vermeden en saf ve do\u011fal hali ile sunmakta ve \u00fcr\u00fcn gam\u0131n\u0131 lavantal\u0131 \u00fcr\u00fcnlerle geni\u015fletmektedir. Lavanta , Shea ve Hindistan Cevizi&hellip;&nbsp;<a href=\"https:\/\/fionaslavender.com\/en\/lavantali-dogal-sabun\/\" class=\"\" rel=\"bookmark\">Read More &raquo;<span class=\"screen-reader-text\">Lavantal\u0131 Do\u011fal Sabunlar<\/span><\/a><\/p>","protected":false},"author":2,"featured_media":0,"parent":0,"menu_order":0,"comment_status":"closed","ping_status":"closed","template":"","meta":{"neve_meta_sidebar":"","neve_meta_container":"","neve_meta_enable_content_width":"","neve_meta_content_width":0,"neve_meta_title_alignment":"","neve_meta_author_avatar":"","neve_post_elements_order":"","neve_meta_disable_header":"","neve_meta_disable_footer":"","neve_meta_disable_title":"","footnotes":""},"class_list":["post-1536","page","type-page","status-publish","hentry"],"yoast_head":"<!-- This site is optimized with the Yoast SEO plugin v27.5 - https:\/\/yoast.com\/product\/yoast-seo-wordpress\/ -->\n<title>Lavantal\u0131 Do\u011fal Sabunlar -<\/title>\n<meta name=\"description\" content=\"Do\u011fal Sabun\" \/>\n<meta name=\"robots\" content=\"index, follow, max-snippet:-1, max-image-preview:large, max-video-preview:-1\" \/>\n<link rel=\"canonical\" href=\"https:\/\/fionaslavender.com\/en\/lavantali-dogal-sabun\/\" \/>\n<meta property=\"og:locale\" content=\"en_US\" \/>\n<meta property=\"og:type\" content=\"article\" \/>\n<meta property=\"og:title\" content=\"Lavantal\u0131 Do\u011fal Sabunlar -\" \/>\n<meta property=\"og:description\" content=\"Do\u011fal Sabun\" \/>\n<meta property=\"og:url\" content=\"https:\/\/fionaslavender.com\/en\/lavantali-dogal-sabun\/\" \/>\n<meta property=\"article:modified_time\" content=\"2023-01-25T14:55:41+00:00\" \/>\n<meta name=\"twitter:card\" content=\"summary_large_image\" \/>\n<meta name=\"twitter:label1\" content=\"Est. reading time\" \/>\n\t<meta name=\"twitter:data1\" content=\"3 minutes\" \/>\n<script type=\"application\/ld+json\" class=\"yoast-schema-graph\">{\"@context\":\"https:\\\/\\\/schema.org\",\"@graph\":[{\"@type\":\"WebPage\",\"@id\":\"https:\\\/\\\/fionaslavender.com\\\/lavantali-dogal-sabun\\\/\",\"url\":\"https:\\\/\\\/fionaslavender.com\\\/lavantali-dogal-sabun\\\/\",\"name\":\"Lavantal\u0131 Do\u011fal Sabunlar -\",\"isPartOf\":{\"@id\":\"https:\\\/\\\/fionaslavender.com\\\/#website\"},\"datePublished\":\"2022-12-27T18:18:36+00:00\",\"dateModified\":\"2023-01-25T14:55:41+00:00\",\"description\":\"Do\u011fal Sabun\",\"breadcrumb\":{\"@id\":\"https:\\\/\\\/fionaslavender.com\\\/lavantali-dogal-sabun\\\/#breadcrumb\"},\"inLanguage\":\"en-US\",\"potentialAction\":[{\"@type\":\"ReadAction\",\"target\":[\"https:\\\/\\\/fionaslavender.com\\\/lavantali-dogal-sabun\\\/\"]}]},{\"@type\":\"BreadcrumbList\",\"@id\":\"https:\\\/\\\/fionaslavender.com\\\/lavantali-dogal-sabun\\\/#breadcrumb\",\"itemListElement\":[{\"@type\":\"ListItem\",\"position\":1,\"name\":\"Home\",\"item\":\"https:\\\/\\\/fionaslavender.com\\\/\"},{\"@type\":\"ListItem\",\"position\":2,\"name\":\"Lavantal\u0131 Do\u011fal Sabunlar\"}]},{\"@type\":\"WebSite\",\"@id\":\"https:\\\/\\\/fionaslavender.com\\\/#website\",\"url\":\"https:\\\/\\\/fionaslavender.com\\\/\",\"name\":\"\",\"description\":\"Purple of Cappadocia\",\"potentialAction\":[{\"@type\":\"SearchAction\",\"target\":{\"@type\":\"EntryPoint\",\"urlTemplate\":\"https:\\\/\\\/fionaslavender.com\\\/?s={search_term_string}\"},\"query-input\":{\"@type\":\"PropertyValueSpecification\",\"valueRequired\":true,\"valueName\":\"search_term_string\"}}],\"inLanguage\":\"en-US\"}]}<\/script>\n<!-- \/ Yoast SEO plugin. -->","yoast_head_json":{"title":"Lavantal\u0131 Do\u011fal Sabunlar -","description":"Do\u011fal Sabun","robots":{"index":"index","follow":"follow","max-snippet":"max-snippet:-1","max-image-preview":"max-image-preview:large","max-video-preview":"max-video-preview:-1"},"canonical":"https:\/\/fionaslavender.com\/en\/lavantali-dogal-sabun\/","og_locale":"en_US","og_type":"article","og_title":"Lavantal\u0131 Do\u011fal Sabunlar -","og_description":"Do\u011fal Sabun","og_url":"https:\/\/fionaslavender.com\/en\/lavantali-dogal-sabun\/","article_modified_time":"2023-01-25T14:55:41+00:00","twitter_card":"summary_large_image","twitter_misc":{"Est. reading time":"3 minutes"},"schema":{"@context":"https:\/\/schema.org","@graph":[{"@type":"WebPage","@id":"https:\/\/fionaslavender.com\/lavantali-dogal-sabun\/","url":"https:\/\/fionaslavender.com\/lavantali-dogal-sabun\/","name":"Lavantal\u0131 Do\u011fal Sabunlar -","isPartOf":{"@id":"https:\/\/fionaslavender.com\/#website"},"datePublished":"2022-12-27T18:18:36+00:00","dateModified":"2023-01-25T14:55:41+00:00","description":"Do\u011fal Sabun","breadcrumb":{"@id":"https:\/\/fionaslavender.com\/lavantali-dogal-sabun\/#breadcrumb"},"inLanguage":"en-US","potentialAction":[{"@type":"ReadAction","target":["https:\/\/fionaslavender.com\/lavantali-dogal-sabun\/"]}]},{"@type":"BreadcrumbList","@id":"https:\/\/fionaslavender.com\/lavantali-dogal-sabun\/#breadcrumb","itemListElement":[{"@type":"ListItem","position":1,"name":"Home","item":"https:\/\/fionaslavender.com\/"},{"@type":"ListItem","position":2,"name":"Lavantal\u0131 Do\u011fal Sabunlar"}]},{"@type":"WebSite","@id":"https:\/\/fionaslavender.com\/#website","url":"https:\/\/fionaslavender.com\/","name":"","description":"Purple of Cappadocia","potentialAction":[{"@type":"SearchAction","target":{"@type":"EntryPoint","urlTemplate":"https:\/\/fionaslavender.com\/?s={search_term_string}"},"query-input":{"@type":"PropertyValueSpecification","valueRequired":true,"valueName":"search_term_string"}}],"inLanguage":"en-US"}]}},"jetpack_sharing_enabled":true,"_links":{"self":[{"href":"https:\/\/fionaslavender.com\/en\/wp-json\/wp\/v2\/pages\/1536","targetHints":{"allow":["GET"]}}],"collection":[{"href":"https:\/\/fionaslavender.com\/en\/wp-json\/wp\/v2\/pages"}],"about":[{"href":"https:\/\/fionaslavender.com\/en\/wp-json\/wp\/v2\/types\/page"}],"author":[{"embeddable":true,"href":"https:\/\/fionaslavender.com\/en\/wp-json\/wp\/v2\/users\/2"}],"replies":[{"embeddable":true,"href":"https:\/\/fionaslavender.com\/en\/wp-json\/wp\/v2\/comments?post=1536"}],"version-history":[{"count":13,"href":"https:\/\/fionaslavender.com\/en\/wp-json\/wp\/v2\/pages\/1536\/revisions"}],"predecessor-version":[{"id":1676,"href":"https:\/\/fionaslavender.com\/en\/wp-json\/wp\/v2\/pages\/1536\/revisions\/1676"}],"wp:attachment":[{"href":"https:\/\/fionaslavender.com\/en\/wp-json\/wp\/v2\/media?parent=1536"}],"curies":[{"name":"wp","href":"https:\/\/api.w.org\/{rel}","templated":true}]}}