{"id":1080,"date":"2022-10-27T13:45:58","date_gmt":"2022-10-27T13:45:58","guid":{"rendered":"http:\/\/fionaslavender.com\/?page_id=1080"},"modified":"2022-11-06T17:39:31","modified_gmt":"2022-11-06T17:39:31","slug":"muska-formlu-lavanta-kesesi","status":"publish","type":"page","link":"https:\/\/fionaslavender.com\/en\/urunlerimiz\/muska-formlu-lavanta-kesesi\/","title":{"rendered":"Muska Formlu Lavanta Kesesi"},"content":{"rendered":"<p>Fiona\u2019s Lavender, Kapadokya B\u00f6lgesi\u2019nde, Ortahisar ve Sofular\u2019daki tarlalar\u0131nda d\u00fcnyan\u0131n en kaliteli lavanta u\u00e7ucu ya\u011f\u0131 ve suyuna sahip Lavandula angustifolia cinsi lavanta bitkisini, hi\u00e7bir sentetik kimyasal madde kullanmadan yeti\u015ftirmekte ve \u00e7i\u00e7eklerinin bir k\u0131sm\u0131n\u0131, rengini ve kokusunu koruyacak \u015fekilde kurutmaktad\u0131r.<\/p>\n\n\n\n<p>Fiona\u2019s Lavender Muska Formlu Lavanta Keseleri %100 pamuklu kuma\u015flar kullan\u0131larak \u00f6zel tasarlanm\u0131\u015f ve kuruttu\u011fumuz bu lavanta \u00e7i\u00e7ekleriyle doldurulmu\u015ftur.<\/p>\n\n\n\n<p>Fiona\u2019s Lavender Muska Formlu Lavanta Keseleri;<\/p>\n\n\n\n<ul class=\"wp-block-list\">\n<li>Banyo, giysi ve ayakkab\u0131 dolaplar\u0131n\u0131za kolayca as\u0131larak, muhte\u015fem bir koku yayar.<\/li>\n\n\n\n<li>Tamamen do\u011fal i\u00e7eri\u011fiyle, g\u00fcve ve tahtakurdu gibi b\u00f6cekleri k\u0131yafetlerinizden uzakla\u015ft\u0131r\u0131r, mevsimlik k\u0131yafetlerinizi g\u00fcvenle saklaman\u0131za yard\u0131mc\u0131 olur.<\/li>\n\n\n\n<li>Yatak ba\u015flar\u0131na as\u0131larak gev\u015fetici ve yat\u0131\u015ft\u0131r\u0131c\u0131 etkisiyle uykuya daha h\u0131zl\u0131 ge\u00e7i\u015f ve daha kesintisiz bir uykuya yard\u0131mc\u0131 olur.<\/li>\n\n\n\n<li>Sevdikleriniz i\u00e7in \u015f\u0131k bir hediye olarak da tercih edilebilir.<\/li>\n<\/ul>\n\n\n\n<p>Fiona\u2019s Lavender Muska Formlu Lavanta Keseleri kokular\u0131n\u0131 uzun s\u00fcre koruyacakt\u0131r. Tazeleyici, ferahlat\u0131c\u0131 lavanta kokusunu yenilemenin en iyi yolu, sadece parmaklar\u0131n\u0131zla lavanta \u00e7i\u00e7eklerini biraz ezmek olacakt\u0131r. Lavantalar\u0131m\u0131z aromatik kokular\u0131n\u0131 sizin i\u00e7in ortama b\u0131rakacaklard\u0131r.<\/p>\n\n\n\n<div class=\"wp-block-columns is-layout-flex wp-container-core-columns-is-layout-9d6595d7 wp-block-columns-is-layout-flex\">\n<div class=\"wp-block-column is-layout-flow wp-block-column-is-layout-flow\">\n<figure class=\"wp-block-image size-full\"><img loading=\"lazy\" decoding=\"async\" width=\"480\" height=\"640\" src=\"https:\/\/fionaslavender.com\/wp-content\/uploads\/2022\/11\/IMG_5568-1-rotated.jpg\" alt=\"\" class=\"wp-image-1390\" srcset=\"https:\/\/fionaslavender.com\/wp-content\/uploads\/2022\/11\/IMG_5568-1-rotated.jpg 480w, https:\/\/fionaslavender.com\/wp-content\/uploads\/2022\/11\/IMG_5568-1-225x300.jpg 225w, https:\/\/fionaslavender.com\/wp-content\/uploads\/2022\/11\/IMG_5568-1-9x12.jpg 9w\" sizes=\"auto, (max-width: 480px) 100vw, 480px\" \/><\/figure>\n<\/div>\n\n\n\n<div class=\"wp-block-column is-layout-flow wp-block-column-is-layout-flow\">\n<figure class=\"wp-block-image size-full\"><img loading=\"lazy\" decoding=\"async\" width=\"480\" height=\"640\" src=\"https:\/\/fionaslavender.com\/wp-content\/uploads\/2022\/11\/IMG_5571-rotated.jpg\" alt=\"\" class=\"wp-image-1391\" srcset=\"https:\/\/fionaslavender.com\/wp-content\/uploads\/2022\/11\/IMG_5571-rotated.jpg 480w, https:\/\/fionaslavender.com\/wp-content\/uploads\/2022\/11\/IMG_5571-225x300.jpg 225w, https:\/\/fionaslavender.com\/wp-content\/uploads\/2022\/11\/IMG_5571-9x12.jpg 9w\" sizes=\"auto, (max-width: 480px) 100vw, 480px\" \/><\/figure>\n<\/div>\n\n\n\n<div class=\"wp-block-column is-layout-flow wp-block-column-is-layout-flow\">\n<figure class=\"wp-block-image size-full\"><img loading=\"lazy\" decoding=\"async\" width=\"480\" height=\"640\" src=\"https:\/\/fionaslavender.com\/wp-content\/uploads\/2022\/11\/IMG_5566-rotated.jpg\" alt=\"\" class=\"wp-image-1393\" srcset=\"https:\/\/fionaslavender.com\/wp-content\/uploads\/2022\/11\/IMG_5566-rotated.jpg 480w, https:\/\/fionaslavender.com\/wp-content\/uploads\/2022\/11\/IMG_5566-225x300.jpg 225w, https:\/\/fionaslavender.com\/wp-content\/uploads\/2022\/11\/IMG_5566-9x12.jpg 9w\" sizes=\"auto, (max-width: 480px) 100vw, 480px\" \/><\/figure>\n<\/div>\n<\/div>\n\n\n\n<div class=\"wp-block-buttons is-layout-flex wp-block-buttons-is-layout-flex\">\n<div class=\"wp-block-button is-style-primary\"><a class=\"wp-block-button__link wp-element-button\">Online Shopping<\/a><\/div>\n<\/div>\n\n\n\n<div class=\"wp-block-cover\" style=\"min-height:74px;aspect-ratio:unset;\"><span aria-hidden=\"true\" class=\"wp-block-cover__background has-nv-site-bg-background-color has-background-dim-100 has-background-dim\"><\/span><div class=\"wp-block-cover__inner-container is-layout-flow wp-block-cover-is-layout-flow\">\n<p class=\"has-text-align-center has-large-font-size\"><\/p>\n<\/div><\/div>","protected":false},"excerpt":{"rendered":"<p>Fiona\u2019s Lavender, Kapadokya B\u00f6lgesi\u2019nde, Ortahisar ve Sofular\u2019daki tarlalar\u0131nda d\u00fcnyan\u0131n en kaliteli lavanta u\u00e7ucu ya\u011f\u0131 ve suyuna sahip Lavandula angustifolia cinsi lavanta bitkisini, hi\u00e7bir sentetik kimyasal madde kullanmadan yeti\u015ftirmekte ve \u00e7i\u00e7eklerinin bir k\u0131sm\u0131n\u0131, rengini ve kokusunu koruyacak \u015fekilde kurutmaktad\u0131r. Fiona\u2019s Lavender Muska Formlu Lavanta Keseleri %100 pamuklu kuma\u015flar kullan\u0131larak \u00f6zel tasarlanm\u0131\u015f ve kuruttu\u011fumuz bu lavanta \u00e7i\u00e7ekleriyle&hellip;&nbsp;<a href=\"https:\/\/fionaslavender.com\/en\/urunlerimiz\/muska-formlu-lavanta-kesesi\/\" class=\"\" rel=\"bookmark\">Read More &raquo;<span class=\"screen-reader-text\">Muska Formlu Lavanta Kesesi<\/span><\/a><\/p>","protected":false},"author":1,"featured_media":1259,"parent":69,"menu_order":0,"comment_status":"closed","ping_status":"closed","template":"","meta":{"neve_meta_sidebar":"","neve_meta_container":"","neve_meta_enable_content_width":"","neve_meta_content_width":0,"neve_meta_title_alignment":"","neve_meta_author_avatar":"","neve_post_elements_order":"","neve_meta_disable_header":"","neve_meta_disable_footer":"","neve_meta_disable_title":"","footnotes":""},"class_list":["post-1080","page","type-page","status-publish","has-post-thumbnail","hentry"],"yoast_head":"<!-- This site is optimized with the Yoast SEO plugin v27.5 - https:\/\/yoast.com\/product\/yoast-seo-wordpress\/ -->\n<title>Muska Formlu Lavanta Kesesi -<\/title>\n<meta name=\"robots\" content=\"index, follow, max-snippet:-1, max-image-preview:large, max-video-preview:-1\" \/>\n<link rel=\"canonical\" href=\"https:\/\/fionaslavender.com\/en\/urunlerimiz\/muska-formlu-lavanta-kesesi\/\" \/>\n<meta property=\"og:locale\" content=\"en_US\" \/>\n<meta property=\"og:type\" content=\"article\" \/>\n<meta property=\"og:title\" content=\"Muska Formlu Lavanta Kesesi -\" \/>\n<meta property=\"og:description\" content=\"Fiona\u2019s Lavender, Kapadokya B\u00f6lgesi\u2019nde, Ortahisar ve Sofular\u2019daki tarlalar\u0131nda d\u00fcnyan\u0131n en kaliteli lavanta u\u00e7ucu ya\u011f\u0131 ve suyuna sahip Lavandula angustifolia cinsi lavanta bitkisini, hi\u00e7bir sentetik kimyasal madde kullanmadan yeti\u015ftirmekte ve \u00e7i\u00e7eklerinin bir k\u0131sm\u0131n\u0131, rengini ve kokusunu koruyacak \u015fekilde kurutmaktad\u0131r. Fiona\u2019s Lavender Muska Formlu Lavanta Keseleri %100 pamuklu kuma\u015flar kullan\u0131larak \u00f6zel tasarlanm\u0131\u015f ve kuruttu\u011fumuz bu lavanta \u00e7i\u00e7ekleriyle&hellip;&nbsp;Read More &raquo;Muska Formlu Lavanta Kesesi\" \/>\n<meta property=\"og:url\" content=\"https:\/\/fionaslavender.com\/en\/urunlerimiz\/muska-formlu-lavanta-kesesi\/\" \/>\n<meta property=\"article:modified_time\" content=\"2022-11-06T17:39:31+00:00\" \/>\n<meta property=\"og:image\" content=\"https:\/\/fionaslavender.com\/wp-content\/uploads\/2022\/10\/Picture1-1.jpg\" \/>\n\t<meta property=\"og:image:width\" content=\"720\" \/>\n\t<meta property=\"og:image:height\" content=\"540\" \/>\n\t<meta property=\"og:image:type\" content=\"image\/jpeg\" \/>\n<meta name=\"twitter:card\" content=\"summary_large_image\" \/>\n<meta name=\"twitter:label1\" content=\"Est. reading time\" \/>\n\t<meta name=\"twitter:data1\" content=\"1 minute\" \/>\n<script type=\"application\/ld+json\" class=\"yoast-schema-graph\">{\"@context\":\"https:\\\/\\\/schema.org\",\"@graph\":[{\"@type\":\"WebPage\",\"@id\":\"https:\\\/\\\/fionaslavender.com\\\/urunlerimiz\\\/muska-formlu-lavanta-kesesi\\\/\",\"url\":\"https:\\\/\\\/fionaslavender.com\\\/urunlerimiz\\\/muska-formlu-lavanta-kesesi\\\/\",\"name\":\"Muska Formlu Lavanta Kesesi -\",\"isPartOf\":{\"@id\":\"https:\\\/\\\/fionaslavender.com\\\/#website\"},\"primaryImageOfPage\":{\"@id\":\"https:\\\/\\\/fionaslavender.com\\\/urunlerimiz\\\/muska-formlu-lavanta-kesesi\\\/#primaryimage\"},\"image\":{\"@id\":\"https:\\\/\\\/fionaslavender.com\\\/urunlerimiz\\\/muska-formlu-lavanta-kesesi\\\/#primaryimage\"},\"thumbnailUrl\":\"https:\\\/\\\/fionaslavender.com\\\/wp-content\\\/uploads\\\/2022\\\/10\\\/Picture1-1.jpg\",\"datePublished\":\"2022-10-27T13:45:58+00:00\",\"dateModified\":\"2022-11-06T17:39:31+00:00\",\"breadcrumb\":{\"@id\":\"https:\\\/\\\/fionaslavender.com\\\/urunlerimiz\\\/muska-formlu-lavanta-kesesi\\\/#breadcrumb\"},\"inLanguage\":\"en-US\",\"potentialAction\":[{\"@type\":\"ReadAction\",\"target\":[\"https:\\\/\\\/fionaslavender.com\\\/urunlerimiz\\\/muska-formlu-lavanta-kesesi\\\/\"]}]},{\"@type\":\"ImageObject\",\"inLanguage\":\"en-US\",\"@id\":\"https:\\\/\\\/fionaslavender.com\\\/urunlerimiz\\\/muska-formlu-lavanta-kesesi\\\/#primaryimage\",\"url\":\"https:\\\/\\\/fionaslavender.com\\\/wp-content\\\/uploads\\\/2022\\\/10\\\/Picture1-1.jpg\",\"contentUrl\":\"https:\\\/\\\/fionaslavender.com\\\/wp-content\\\/uploads\\\/2022\\\/10\\\/Picture1-1.jpg\",\"width\":720,\"height\":540},{\"@type\":\"BreadcrumbList\",\"@id\":\"https:\\\/\\\/fionaslavender.com\\\/urunlerimiz\\\/muska-formlu-lavanta-kesesi\\\/#breadcrumb\",\"itemListElement\":[{\"@type\":\"ListItem\",\"position\":1,\"name\":\"Home\",\"item\":\"https:\\\/\\\/fionaslavender.com\\\/\"},{\"@type\":\"ListItem\",\"position\":2,\"name\":\"\u00dcr\u00fcnlerimiz\",\"item\":\"https:\\\/\\\/fionaslavender.com\\\/urunlerimiz\\\/\"},{\"@type\":\"ListItem\",\"position\":3,\"name\":\"Muska Formlu Lavanta Kesesi\"}]},{\"@type\":\"WebSite\",\"@id\":\"https:\\\/\\\/fionaslavender.com\\\/#website\",\"url\":\"https:\\\/\\\/fionaslavender.com\\\/\",\"name\":\"\",\"description\":\"Purple of Cappadocia\",\"potentialAction\":[{\"@type\":\"SearchAction\",\"target\":{\"@type\":\"EntryPoint\",\"urlTemplate\":\"https:\\\/\\\/fionaslavender.com\\\/?s={search_term_string}\"},\"query-input\":{\"@type\":\"PropertyValueSpecification\",\"valueRequired\":true,\"valueName\":\"search_term_string\"}}],\"inLanguage\":\"en-US\"}]}<\/script>\n<!-- \/ Yoast SEO plugin. -->","yoast_head_json":{"title":"Muska Formlu Lavanta Kesesi -","robots":{"index":"index","follow":"follow","max-snippet":"max-snippet:-1","max-image-preview":"max-image-preview:large","max-video-preview":"max-video-preview:-1"},"canonical":"https:\/\/fionaslavender.com\/en\/urunlerimiz\/muska-formlu-lavanta-kesesi\/","og_locale":"en_US","og_type":"article","og_title":"Muska Formlu Lavanta Kesesi -","og_description":"Fiona\u2019s Lavender, Kapadokya B\u00f6lgesi\u2019nde, Ortahisar ve Sofular\u2019daki tarlalar\u0131nda d\u00fcnyan\u0131n en kaliteli lavanta u\u00e7ucu ya\u011f\u0131 ve suyuna sahip Lavandula angustifolia cinsi lavanta bitkisini, hi\u00e7bir sentetik kimyasal madde kullanmadan yeti\u015ftirmekte ve \u00e7i\u00e7eklerinin bir k\u0131sm\u0131n\u0131, rengini ve kokusunu koruyacak \u015fekilde kurutmaktad\u0131r. Fiona\u2019s Lavender Muska Formlu Lavanta Keseleri %100 pamuklu kuma\u015flar kullan\u0131larak \u00f6zel tasarlanm\u0131\u015f ve kuruttu\u011fumuz bu lavanta \u00e7i\u00e7ekleriyle&hellip;&nbsp;Read More &raquo;Muska Formlu Lavanta Kesesi","og_url":"https:\/\/fionaslavender.com\/en\/urunlerimiz\/muska-formlu-lavanta-kesesi\/","article_modified_time":"2022-11-06T17:39:31+00:00","og_image":[{"width":720,"height":540,"url":"https:\/\/fionaslavender.com\/wp-content\/uploads\/2022\/10\/Picture1-1.jpg","type":"image\/jpeg"}],"twitter_card":"summary_large_image","twitter_misc":{"Est. reading time":"1 minute"},"schema":{"@context":"https:\/\/schema.org","@graph":[{"@type":"WebPage","@id":"https:\/\/fionaslavender.com\/urunlerimiz\/muska-formlu-lavanta-kesesi\/","url":"https:\/\/fionaslavender.com\/urunlerimiz\/muska-formlu-lavanta-kesesi\/","name":"Muska Formlu Lavanta Kesesi -","isPartOf":{"@id":"https:\/\/fionaslavender.com\/#website"},"primaryImageOfPage":{"@id":"https:\/\/fionaslavender.com\/urunlerimiz\/muska-formlu-lavanta-kesesi\/#primaryimage"},"image":{"@id":"https:\/\/fionaslavender.com\/urunlerimiz\/muska-formlu-lavanta-kesesi\/#primaryimage"},"thumbnailUrl":"https:\/\/fionaslavender.com\/wp-content\/uploads\/2022\/10\/Picture1-1.jpg","datePublished":"2022-10-27T13:45:58+00:00","dateModified":"2022-11-06T17:39:31+00:00","breadcrumb":{"@id":"https:\/\/fionaslavender.com\/urunlerimiz\/muska-formlu-lavanta-kesesi\/#breadcrumb"},"inLanguage":"en-US","potentialAction":[{"@type":"ReadAction","target":["https:\/\/fionaslavender.com\/urunlerimiz\/muska-formlu-lavanta-kesesi\/"]}]},{"@type":"ImageObject","inLanguage":"en-US","@id":"https:\/\/fionaslavender.com\/urunlerimiz\/muska-formlu-lavanta-kesesi\/#primaryimage","url":"https:\/\/fionaslavender.com\/wp-content\/uploads\/2022\/10\/Picture1-1.jpg","contentUrl":"https:\/\/fionaslavender.com\/wp-content\/uploads\/2022\/10\/Picture1-1.jpg","width":720,"height":540},{"@type":"BreadcrumbList","@id":"https:\/\/fionaslavender.com\/urunlerimiz\/muska-formlu-lavanta-kesesi\/#breadcrumb","itemListElement":[{"@type":"ListItem","position":1,"name":"Home","item":"https:\/\/fionaslavender.com\/"},{"@type":"ListItem","position":2,"name":"\u00dcr\u00fcnlerimiz","item":"https:\/\/fionaslavender.com\/urunlerimiz\/"},{"@type":"ListItem","position":3,"name":"Muska Formlu Lavanta Kesesi"}]},{"@type":"WebSite","@id":"https:\/\/fionaslavender.com\/#website","url":"https:\/\/fionaslavender.com\/","name":"","description":"Purple of Cappadocia","potentialAction":[{"@type":"SearchAction","target":{"@type":"EntryPoint","urlTemplate":"https:\/\/fionaslavender.com\/?s={search_term_string}"},"query-input":{"@type":"PropertyValueSpecification","valueRequired":true,"valueName":"search_term_string"}}],"inLanguage":"en-US"}]}},"jetpack_sharing_enabled":true,"_links":{"self":[{"href":"https:\/\/fionaslavender.com\/en\/wp-json\/wp\/v2\/pages\/1080","targetHints":{"allow":["GET"]}}],"collection":[{"href":"https:\/\/fionaslavender.com\/en\/wp-json\/wp\/v2\/pages"}],"about":[{"href":"https:\/\/fionaslavender.com\/en\/wp-json\/wp\/v2\/types\/page"}],"author":[{"embeddable":true,"href":"https:\/\/fionaslavender.com\/en\/wp-json\/wp\/v2\/users\/1"}],"replies":[{"embeddable":true,"href":"https:\/\/fionaslavender.com\/en\/wp-json\/wp\/v2\/comments?post=1080"}],"version-history":[{"count":8,"href":"https:\/\/fionaslavender.com\/en\/wp-json\/wp\/v2\/pages\/1080\/revisions"}],"predecessor-version":[{"id":1394,"href":"https:\/\/fionaslavender.com\/en\/wp-json\/wp\/v2\/pages\/1080\/revisions\/1394"}],"up":[{"embeddable":true,"href":"https:\/\/fionaslavender.com\/en\/wp-json\/wp\/v2\/pages\/69"}],"wp:featuredmedia":[{"embeddable":true,"href":"https:\/\/fionaslavender.com\/en\/wp-json\/wp\/v2\/media\/1259"}],"wp:attachment":[{"href":"https:\/\/fionaslavender.com\/en\/wp-json\/wp\/v2\/media?parent=1080"}],"curies":[{"name":"wp","href":"https:\/\/api.w.org\/{rel}","templated":true}]}}